{"id":1092,"date":"2022-10-25T10:48:49","date_gmt":"2022-10-25T07:48:49","guid":{"rendered":"https:\/\/berinozkurthukuk.com\/iletisim\/"},"modified":"2024-07-23T14:00:48","modified_gmt":"2024-07-23T11:00:48","slug":"%d8%a7%d9%84%d8%aa%d9%88%d8%a7%d8%b5%d9%84","status":"publish","type":"page","link":"https:\/\/berinozkurthukuk.com\/ar\/%d8%a7%d9%84%d8%aa%d9%88%d8%a7%d8%b5%d9%84\/","title":{"rendered":"\u0627\u0644\u062a\u0648\u0627\u0635\u0644"},"content":{"rendered":"\t\t<div data-elementor-type=\"wp-page\" data-elementor-id=\"1092\" class=\"elementor elementor-1092 elementor-143\" data-elementor-post-type=\"page\">\n\t\t\t\t\t\t<section class=\"elementor-section elementor-top-section elementor-element elementor-element-37be9806 elementor-section-content-middle elementor-section-boxed elementor-section-height-default elementor-section-height-default\" data-id=\"37be9806\" data-element_type=\"section\" data-settings=\"{&quot;background_background&quot;:&quot;gradient&quot;,&quot;shape_divider_bottom&quot;:&quot;tilt&quot;,&quot;ekit_has_onepagescroll_dot&quot;:&quot;yes&quot;}\">\n\t\t\t\t\t\t\t<div class=\"elementor-background-overlay\"><\/div>\n\t\t\t\t\t\t<div class=\"elementor-shape elementor-shape-bottom\" aria-hidden=\"true\" data-negative=\"false\">\n\t\t\t<svg xmlns=\"http:\/\/www.w3.org\/2000\/svg\" viewBox=\"0 0 1000 100\" preserveAspectRatio=\"none\">\n\t<path class=\"elementor-shape-fill\" d=\"M0,6V0h1000v100L0,6z\"\/>\n<\/svg>\t\t<\/div>\n\t\t\t\t\t<div class=\"elementor-container elementor-column-gap-default\">\n\t\t\t\t\t<div class=\"elementor-column elementor-col-100 elementor-top-column elementor-element elementor-element-21b9c599\" data-id=\"21b9c599\" data-element_type=\"column\">\n\t\t\t<div class=\"elementor-widget-wrap elementor-element-populated\">\n\t\t\t\t\t\t<div class=\"elementor-element elementor-element-446c735b elementor-icon-list--layout-inline elementor-align-left elementor-list-item-link-full_width elementor-widget elementor-widget-icon-list\" data-id=\"446c735b\" data-element_type=\"widget\" data-settings=\"{&quot;ekit_we_effect_on&quot;:&quot;none&quot;}\" data-widget_type=\"icon-list.default\">\n\t\t\t\t<div class=\"elementor-widget-container\">\n\t\t\t\t\t\t\t<ul class=\"elementor-icon-list-items elementor-inline-items\">\n\t\t\t\t\t\t\t<li class=\"elementor-icon-list-item elementor-inline-item\">\n\t\t\t\t\t\t\t\t\t\t\t<a href=\"https:\/\/berinozkurthukuk.com\/ar\/\">\n\n\t\t\t\t\t\t\t\t\t\t\t\t<span class=\"elementor-icon-list-icon\">\n\t\t\t\t\t\t\t<i aria-hidden=\"true\" class=\"fas fa-home\"><\/i>\t\t\t\t\t\t<\/span>\n\t\t\t\t\t\t\t\t\t\t<span class=\"elementor-icon-list-text\">\u0627\u0644\u0635\u0641\u062d\u0629 \u0627\u0644\u0631\u0626\u064a\u0633\u064a\u0629<\/span>\n\t\t\t\t\t\t\t\t\t\t\t<\/a>\n\t\t\t\t\t\t\t\t\t<\/li>\n\t\t\t\t\t\t\t\t<li class=\"elementor-icon-list-item elementor-inline-item\">\n\t\t\t\t\t\t\t\t\t\t\t<a href=\"https:\/\/berinozkurthukuk.com\/ar\/%d8%a7%d9%84%d8%aa%d9%88%d8%a7%d8%b5%d9%84\/\">\n\n\t\t\t\t\t\t\t\t\t\t\t<span class=\"elementor-icon-list-text\">\u0627\u0644\u062a\u0648\u0627\u0635\u0644<\/span>\n\t\t\t\t\t\t\t\t\t\t\t<\/a>\n\t\t\t\t\t\t\t\t\t<\/li>\n\t\t\t\t\t\t<\/ul>\n\t\t\t\t\t\t<\/div>\n\t\t\t\t<\/div>\n\t\t\t\t<div class=\"elementor-element elementor-element-555489f5 elementor-widget elementor-widget-heading\" data-id=\"555489f5\" data-element_type=\"widget\" data-settings=\"{&quot;ekit_we_effect_on&quot;:&quot;none&quot;}\" data-widget_type=\"heading.default\">\n\t\t\t\t<div class=\"elementor-widget-container\">\n\t\t\t\t\t<h1 class=\"elementor-heading-title elementor-size-default\">\u0627\u0644\u062a\u0648\u0627\u0635\u0644<\/h1>\t\t\t\t<\/div>\n\t\t\t\t<\/div>\n\t\t\t\t\t<\/div>\n\t\t<\/div>\n\t\t\t\t\t<\/div>\n\t\t<\/section>\n\t\t\t\t<section class=\"elementor-section elementor-top-section elementor-element elementor-element-4b3475aa elementor-section-boxed elementor-section-height-default elementor-section-height-default\" data-id=\"4b3475aa\" data-element_type=\"section\" data-settings=\"{&quot;ekit_has_onepagescroll_dot&quot;:&quot;yes&quot;}\">\n\t\t\t\t\t\t<div class=\"elementor-container elementor-column-gap-default\">\n\t\t\t\t\t<div class=\"elementor-column elementor-col-100 elementor-top-column elementor-element elementor-element-4be9059b\" data-id=\"4be9059b\" data-element_type=\"column\">\n\t\t\t<div class=\"elementor-widget-wrap elementor-element-populated\">\n\t\t\t\t\t\t<div class=\"elementor-element elementor-element-3642b083 elementor-widget-divider--view-line_text elementor-widget-divider--element-align-left elementor-widget elementor-widget-divider\" data-id=\"3642b083\" data-element_type=\"widget\" data-settings=\"{&quot;ekit_we_effect_on&quot;:&quot;none&quot;}\" data-widget_type=\"divider.default\">\n\t\t\t\t<div class=\"elementor-widget-container\">\n\t\t\t\t\t\t\t<div class=\"elementor-divider\">\n\t\t\t<span class=\"elementor-divider-separator\">\n\t\t\t\t\t\t\t<h3 class=\"elementor-divider__text elementor-divider__element\">\n\t\t\t\t\u0645\u0639\u0644\u0648\u0645\u0627\u062a \u0627\u0644\u062a\u0648\u0627\u0635\u0644\t\t\t\t<\/h3>\n\t\t\t\t\t\t<\/span>\n\t\t<\/div>\n\t\t\t\t\t\t<\/div>\n\t\t\t\t<\/div>\n\t\t\t\t<div class=\"elementor-element elementor-element-6b841ef4 elementor-widget elementor-widget-heading\" data-id=\"6b841ef4\" data-element_type=\"widget\" data-settings=\"{&quot;ekit_we_effect_on&quot;:&quot;none&quot;}\" data-widget_type=\"heading.default\">\n\t\t\t\t<div class=\"elementor-widget-container\">\n\t\t\t\t\t<h2 class=\"elementor-heading-title elementor-size-default\">\u0628\u064a\u0631\u064a\u0646 \u0623\u0648\u0632\u0643\u0648\u0631\u062a \u0644\u0644\u0645\u062d\u0627\u0645\u0627\u0629 \u0648\u0627\u0644\u0627\u0633\u062a\u0634\u0627\u0631\u0627\u062a\n<\/h2>\t\t\t\t<\/div>\n\t\t\t\t<\/div>\n\t\t\t\t<div class=\"elementor-element elementor-element-756bbf4c elementor-widget-divider--view-line elementor-widget elementor-widget-divider\" data-id=\"756bbf4c\" data-element_type=\"widget\" data-settings=\"{&quot;ekit_we_effect_on&quot;:&quot;none&quot;}\" data-widget_type=\"divider.default\">\n\t\t\t\t<div class=\"elementor-widget-container\">\n\t\t\t\t\t\t\t<div class=\"elementor-divider\">\n\t\t\t<span class=\"elementor-divider-separator\">\n\t\t\t\t\t\t<\/span>\n\t\t<\/div>\n\t\t\t\t\t\t<\/div>\n\t\t\t\t<\/div>\n\t\t\t\t<section class=\"elementor-section elementor-inner-section elementor-element elementor-element-6264cec8 elementor-section-full_width elementor-section-height-default elementor-section-height-default\" data-id=\"6264cec8\" data-element_type=\"section\" data-settings=\"{&quot;ekit_has_onepagescroll_dot&quot;:&quot;yes&quot;}\">\n\t\t\t\t\t\t<div class=\"elementor-container elementor-column-gap-default\">\n\t\t\t\t\t<div class=\"elementor-column elementor-col-50 elementor-inner-column elementor-element elementor-element-2e601a1d\" data-id=\"2e601a1d\" data-element_type=\"column\">\n\t\t\t<div class=\"elementor-widget-wrap elementor-element-populated\">\n\t\t\t\t\t\t<div class=\"elementor-element elementor-element-694c9706 elementor-widget elementor-widget-text-editor\" data-id=\"694c9706\" data-element_type=\"widget\" data-settings=\"{&quot;ekit_we_effect_on&quot;:&quot;none&quot;}\" data-widget_type=\"text-editor.default\">\n\t\t\t\t<div class=\"elementor-widget-container\">\n\t\t\t\t\t\t\t\t\t\u0628\u064a\u0631\u064a\u0646 \u0623\u0648\u0632\u0643\u0648\u0631\u062a \u0644\u0644\u0645\u062d\u0627\u0645\u0627\u0629 \u0648\u0627\u0644\u0627\u0633\u062a\u0634\u0627\u0631\u0627\u062a \u0646\u0639\u0645\u0644 \u0639\u0644\u0649 \u062a\u0642\u062f\u064a\u0645 \u062d\u0644\u0648\u0644 \u0641\u0639\u0627\u0644\u0629 \u0648\u0639\u0645\u0644\u064a\u0629 \u0644\u0639\u0645\u0644\u0627\u0626\u0646\u0627 \u0641\u064a \u0645\u062e\u062a\u0644\u0641 \u0645\u062f\u0646 \u062a\u0631\u0643\u064a\u0627 \u0648\u062e\u0627\u0635\u0629 \u0623\u0646\u0642\u0631\u0629\u060c \u0648\u0641\u064a \u0647\u0630\u0647 \u0627\u0644\u0639\u0645\u0644\u064a\u0629 \u0646\u062a\u0627\u0628\u0639 \u0627\u0644\u062a\u0637\u0648\u0631\u0627\u062a \u0641\u064a \u0623\u0633\u0631\u0639 \u0648\u0642\u062a \u0645\u0645\u0643\u0646 \u0648\u0646\u0628\u0644\u063a \u0639\u0645\u0644\u0627\u0626\u0646\u0627 \u0628\u0639\u0645\u0644\u064a\u0629 \u0627\u0644\u062a\u0642\u0627\u0636\u064a. \u0647\u062f\u0641\u0646\u0627 \u0627\u0644\u0623\u0633\u0627\u0633\u064a \u0641\u064a \u0634\u0631\u0643\u0629 \u0628\u064a\u0631\u064a\u0646 \u0623\u0648\u0632\u0643\u0648\u0631\u062a \u0644\u0644\u0645\u062d\u0627\u0645\u0627\u0629 \u0648\u0627\u0644\u0627\u0633\u062a\u0634\u0627\u0631\u0627\u062a \u0647\u0648 \u0627\u0644\u0639\u0645\u0644 \u0627\u0644\u0645\u0648\u062c\u0647 \u0646\u062d\u0648 \u062a\u062d\u0642\u064a\u0642 \u0627\u0644\u0646\u062a\u0627\u0626\u062c \u0645\u0646 \u062e\u0644\u0627\u0644 \u062a\u0642\u062f\u064a\u0645 \u062d\u0644\u0648\u0644 \u0641\u0639\u0627\u0644\u0629.\n\t\t\t\t\t\t\t\t<\/div>\n\t\t\t\t<\/div>\n\t\t\t\t\t<\/div>\n\t\t<\/div>\n\t\t\t\t<div class=\"elementor-column elementor-col-50 elementor-inner-column elementor-element elementor-element-74495d62\" data-id=\"74495d62\" data-element_type=\"column\">\n\t\t\t<div class=\"elementor-widget-wrap elementor-element-populated\">\n\t\t\t\t\t\t<div class=\"elementor-element elementor-element-1fbbe703 elementor-icon-list--layout-traditional elementor-list-item-link-full_width elementor-widget elementor-widget-icon-list\" data-id=\"1fbbe703\" data-element_type=\"widget\" data-settings=\"{&quot;ekit_we_effect_on&quot;:&quot;none&quot;}\" data-widget_type=\"icon-list.default\">\n\t\t\t\t<div class=\"elementor-widget-container\">\n\t\t\t\t\t\t\t<ul class=\"elementor-icon-list-items\">\n\t\t\t\t\t\t\t<li class=\"elementor-icon-list-item\">\n\t\t\t\t\t\t\t\t\t\t\t<span class=\"elementor-icon-list-icon\">\n\t\t\t\t\t\t\t<i aria-hidden=\"true\" class=\"fas fa-map-marker-alt\"><\/i>\t\t\t\t\t\t<\/span>\n\t\t\t\t\t\t\t\t\t\t<span class=\"elementor-icon-list-text\">\u062d\u064a \u0645\u0635\u0637\u0641\u0649 \u0643\u0645\u0627\u0644\u060c \u0627\u0644\u062c\u0627\u062f\u0629 \u0631\u0642\u0645 2134 \u060c \u0627\u0644\u0631\u0642\u0645: 5\/24 \u062c\u0627\u0646\u0643\u0627\u064a\u0627\/\u0623\u0646\u0642\u0631\u0629<\/span>\n\t\t\t\t\t\t\t\t\t<\/li>\n\t\t\t\t\t\t\t\t<li class=\"elementor-icon-list-item\">\n\t\t\t\t\t\t\t\t\t\t\t<a href=\"tel:+905532888280\">\n\n\t\t\t\t\t\t\t\t\t\t\t\t<span class=\"elementor-icon-list-icon\">\n\t\t\t\t\t\t\t<i aria-hidden=\"true\" class=\"fas fa-phone-alt\"><\/i>\t\t\t\t\t\t<\/span>\n\t\t\t\t\t\t\t\t\t\t<span class=\"elementor-icon-list-text\">80 82 288 553 90+<\/span>\n\t\t\t\t\t\t\t\t\t\t\t<\/a>\n\t\t\t\t\t\t\t\t\t<\/li>\n\t\t\t\t\t\t\t\t<li class=\"elementor-icon-list-item\">\n\t\t\t\t\t\t\t\t\t\t\t<a href=\"tel:+903122194726\">\n\n\t\t\t\t\t\t\t\t\t\t\t\t<span class=\"elementor-icon-list-icon\">\n\t\t\t\t\t\t\t<i aria-hidden=\"true\" class=\"fas fa-phone-alt\"><\/i>\t\t\t\t\t\t<\/span>\n\t\t\t\t\t\t\t\t\t\t<span class=\"elementor-icon-list-text\">26 47 219 312 90+<\/span>\n\t\t\t\t\t\t\t\t\t\t\t<\/a>\n\t\t\t\t\t\t\t\t\t<\/li>\n\t\t\t\t\t\t\t\t<li class=\"elementor-icon-list-item\">\n\t\t\t\t\t\t\t\t\t\t\t<a href=\"mailto:avberinozkurt@gmail.com\">\n\n\t\t\t\t\t\t\t\t\t\t\t\t<span class=\"elementor-icon-list-icon\">\n\t\t\t\t\t\t\t<i aria-hidden=\"true\" class=\"fas fa-envelope-open\"><\/i>\t\t\t\t\t\t<\/span>\n\t\t\t\t\t\t\t\t\t\t<span class=\"elementor-icon-list-text\">avberinozkurt@gmail.com<\/span>\n\t\t\t\t\t\t\t\t\t\t\t<\/a>\n\t\t\t\t\t\t\t\t\t<\/li>\n\t\t\t\t\t\t<\/ul>\n\t\t\t\t\t\t<\/div>\n\t\t\t\t<\/div>\n\t\t\t\t\t<\/div>\n\t\t<\/div>\n\t\t\t\t\t<\/div>\n\t\t<\/section>\n\t\t\t\t\t<\/div>\n\t\t<\/div>\n\t\t\t\t\t<\/div>\n\t\t<\/section>\n\t\t\t\t<section class=\"elementor-section elementor-top-section elementor-element elementor-element-295f75c3 elementor-section-boxed elementor-section-height-default elementor-section-height-default\" data-id=\"295f75c3\" data-element_type=\"section\" data-settings=\"{&quot;ekit_has_onepagescroll_dot&quot;:&quot;yes&quot;}\">\n\t\t\t\t\t\t<div class=\"elementor-container elementor-column-gap-default\">\n\t\t\t\t\t<div class=\"elementor-column elementor-col-50 elementor-top-column elementor-element elementor-element-43d6607d\" data-id=\"43d6607d\" data-element_type=\"column\">\n\t\t\t<div class=\"elementor-widget-wrap elementor-element-populated\">\n\t\t\t\t\t\t<section class=\"elementor-section elementor-inner-section elementor-element elementor-element-4bfc6ce1 elementor-section-boxed elementor-section-height-default elementor-section-height-default\" data-id=\"4bfc6ce1\" data-element_type=\"section\" data-settings=\"{&quot;ekit_has_onepagescroll_dot&quot;:&quot;yes&quot;}\">\n\t\t\t\t\t\t<div class=\"elementor-container elementor-column-gap-default\">\n\t\t\t\t\t<div class=\"elementor-column elementor-col-100 elementor-inner-column elementor-element elementor-element-2377a6d8\" data-id=\"2377a6d8\" data-element_type=\"column\">\n\t\t\t<div class=\"elementor-widget-wrap elementor-element-populated\">\n\t\t\t\t\t\t<div class=\"elementor-element elementor-element-4440e2ed elementor-widget elementor-widget-heading\" data-id=\"4440e2ed\" data-element_type=\"widget\" data-settings=\"{&quot;ekit_we_effect_on&quot;:&quot;none&quot;}\" data-widget_type=\"heading.default\">\n\t\t\t\t<div class=\"elementor-widget-container\">\n\t\t\t\t\t<h3 class=\"elementor-heading-title elementor-size-default\">\u0644\u062a\u062d\u062f\u064a\u062f \u0645\u0648\u0639\u062f \u0627\u0646\u0642\u0631 \u0647\u0646\u0627\n<\/h3>\t\t\t\t<\/div>\n\t\t\t\t<\/div>\n\t\t\t\t<div class=\"elementor-element elementor-element-1bf63a8d elementor-button-align-stretch elementor-widget elementor-widget-form\" data-id=\"1bf63a8d\" data-element_type=\"widget\" data-settings=\"{&quot;step_next_label&quot;:&quot;Next&quot;,&quot;step_previous_label&quot;:&quot;Previous&quot;,&quot;button_width&quot;:&quot;100&quot;,&quot;step_type&quot;:&quot;number_text&quot;,&quot;step_icon_shape&quot;:&quot;circle&quot;,&quot;ekit_we_effect_on&quot;:&quot;none&quot;}\" data-widget_type=\"form.default\">\n\t\t\t\t<div class=\"elementor-widget-container\">\n\t\t\t\t\t\t\t<form class=\"elementor-form\" method=\"post\" name=\"New Form\">\n\t\t\t<input type=\"hidden\" name=\"post_id\" value=\"1092\"\/>\n\t\t\t<input type=\"hidden\" name=\"form_id\" value=\"1bf63a8d\"\/>\n\t\t\t<input type=\"hidden\" name=\"referer_title\" value=\"\u0627\u0644\u062a\u0648\u0627\u0635\u0644\" \/>\n\n\t\t\t\t\t\t\t<input type=\"hidden\" name=\"queried_id\" value=\"1092\"\/>\n\t\t\t\n\t\t\t<div class=\"elementor-form-fields-wrapper elementor-labels-\">\n\t\t\t\t\t\t\t\t<div class=\"elementor-field-type-text elementor-field-group elementor-column elementor-field-group-name elementor-col-100\">\n\t\t\t\t\t\t\t\t\t\t\t\t<label for=\"form-field-name\" class=\"elementor-field-label elementor-screen-only\">\n\t\t\t\t\t\t\t\tName\t\t\t\t\t\t\t<\/label>\n\t\t\t\t\t\t\t\t\t\t\t\t\t\t<input size=\"1\" type=\"text\" name=\"form_fields[name]\" id=\"form-field-name\" class=\"elementor-field elementor-size-sm  elementor-field-textual\" placeholder=\"\u0627\u0633\u0645 \u0648\u0627\u0644\u0644\u0642\u0628\">\n\t\t\t\t\t\t\t\t\t\t\t<\/div>\n\t\t\t\t\t\t\t\t<div class=\"elementor-field-type-email elementor-field-group elementor-column elementor-field-group-email elementor-col-100 elementor-field-required\">\n\t\t\t\t\t\t\t\t\t\t\t\t<label for=\"form-field-email\" class=\"elementor-field-label elementor-screen-only\">\n\t\t\t\t\t\t\t\tEmail\t\t\t\t\t\t\t<\/label>\n\t\t\t\t\t\t\t\t\t\t\t\t\t\t<input size=\"1\" type=\"email\" name=\"form_fields[email]\" id=\"form-field-email\" class=\"elementor-field elementor-size-sm  elementor-field-textual\" placeholder=\"\u0627\u0644\u0627\u064a\u0645\u064a\u0644\" required=\"required\" aria-required=\"true\">\n\t\t\t\t\t\t\t\t\t\t\t<\/div>\n\t\t\t\t\t\t\t\t<div class=\"elementor-field-type-tel elementor-field-group elementor-column elementor-field-group-field_f391a5a elementor-col-100\">\n\t\t\t\t\t\t\t\t\t\t\t\t<label for=\"form-field-field_f391a5a\" class=\"elementor-field-label elementor-screen-only\">\n\t\t\t\t\t\t\t\tPhone\t\t\t\t\t\t\t<\/label>\n\t\t\t\t\t\t\t\t<input size=\"1\" type=\"tel\" name=\"form_fields[field_f391a5a]\" id=\"form-field-field_f391a5a\" class=\"elementor-field elementor-size-sm  elementor-field-textual\" placeholder=\"\u0627\u0644\u0647\u0627\u062a\u0641\" pattern=\"[0-9()#&amp;+*-=.]+\" title=\"Only numbers and phone characters (#, -, *, etc) are accepted.\">\n\n\t\t\t\t\t\t<\/div>\n\t\t\t\t\t\t\t\t<div class=\"elementor-field-type-textarea elementor-field-group elementor-column elementor-field-group-message elementor-col-100\">\n\t\t\t\t\t\t\t\t\t\t\t\t<label for=\"form-field-message\" class=\"elementor-field-label elementor-screen-only\">\n\t\t\t\t\t\t\t\tMessage\t\t\t\t\t\t\t<\/label>\n\t\t\t\t\t\t<textarea class=\"elementor-field-textual elementor-field  elementor-size-sm\" name=\"form_fields[message]\" id=\"form-field-message\" rows=\"10\" placeholder=\"\u0645\u0639\u0644\u0648\u0645\u0627\u062a \u0645\u0648\u062c\u0632\u0629\"><\/textarea>\t\t\t\t<\/div>\n\t\t\t\t\t\t\t\t<div class=\"elementor-field-group elementor-column elementor-field-type-submit elementor-col-100 e-form__buttons\">\n\t\t\t\t\t<button class=\"elementor-button elementor-size-sm elementor-animation-shrink\" type=\"submit\">\n\t\t\t\t\t\t<span class=\"elementor-button-content-wrapper\">\n\t\t\t\t\t\t\t\t\t\t\t\t\t\t\t\t\t\t\t\t\t\t<span class=\"elementor-button-text\">\u0627\u0631\u0633\u0627\u0644<\/span>\n\t\t\t\t\t\t\t\t\t\t\t\t\t<\/span>\n\t\t\t\t\t<\/button>\n\t\t\t\t<\/div>\n\t\t\t<\/div>\n\t\t<\/form>\n\t\t\t\t\t\t<\/div>\n\t\t\t\t<\/div>\n\t\t\t\t\t<\/div>\n\t\t<\/div>\n\t\t\t\t\t<\/div>\n\t\t<\/section>\n\t\t\t\t\t<\/div>\n\t\t<\/div>\n\t\t\t\t<div class=\"elementor-column elementor-col-50 elementor-top-column elementor-element elementor-element-cbc8c29\" data-id=\"cbc8c29\" data-element_type=\"column\">\n\t\t\t<div class=\"elementor-widget-wrap elementor-element-populated\">\n\t\t\t\t\t\t<div class=\"elementor-element elementor-element-508844a0 elementor-widget elementor-widget-google_maps\" data-id=\"508844a0\" data-element_type=\"widget\" data-settings=\"{&quot;ekit_we_effect_on&quot;:&quot;none&quot;}\" data-widget_type=\"google_maps.default\">\n\t\t\t\t<div class=\"elementor-widget-container\">\n\t\t\t\t\t\t\t<div class=\"elementor-custom-embed\">\n\t\t\t<iframe loading=\"lazy\"\n\t\t\t\t\tsrc=\"https:\/\/maps.google.com\/maps?q=Berin%20%C3%96zkurt%20Hukuk%20%26%20Dan%C4%B1%C5%9Fmanl%C4%B1k&#038;t=m&#038;z=19&#038;output=embed&#038;iwloc=near\"\n\t\t\t\t\ttitle=\"Berin \u00d6zkurt Hukuk &amp; Dan\u0131\u015fmanl\u0131k\"\n\t\t\t\t\taria-label=\"Berin \u00d6zkurt Hukuk &amp; Dan\u0131\u015fmanl\u0131k\"\n\t\t\t><\/iframe>\n\t\t<\/div>\n\t\t\t\t\t\t<\/div>\n\t\t\t\t<\/div>\n\t\t\t\t\t<\/div>\n\t\t<\/div>\n\t\t\t\t\t<\/div>\n\t\t<\/section>\n\t\t\t\t<\/div>\n\t\t","protected":false},"excerpt":{"rendered":"<p>\u0627\u0644\u0635\u0641\u062d\u0629 \u0627\u0644\u0631\u0626\u064a\u0633\u064a\u0629 \u0645\u0639\u0644\u0648\u0645\u0627\u062a \u0627\u0644\u062a\u0648\u0627\u0635\u0644 \u0628\u064a\u0631\u064a\u0646 \u0623\u0648\u0632\u0643\u0648\u0631\u062a \u0644\u0644\u0645\u062d\u0627\u0645\u0627\u0629 \u0648\u0627\u0644\u0627\u0633\u062a\u0634\u0627\u0631\u0627\u062a \u0628\u064a\u0631\u064a\u0646 \u0623\u0648\u0632\u0643\u0648\u0631\u062a \u0644\u0644\u0645\u062d\u0627\u0645\u0627\u0629 \u0648\u0627\u0644\u0627\u0633\u062a\u0634\u0627\u0631\u0627\u062a \u0646\u0639\u0645\u0644 \u0639\u0644\u0649 \u062a\u0642\u062f\u064a\u0645 \u062d\u0644\u0648\u0644 \u0641\u0639\u0627\u0644\u0629 \u0648\u0639\u0645\u0644\u064a\u0629 \u0644\u0639\u0645\u0644\u0627\u0626\u0646\u0627 \u0641\u064a \u0645\u062e\u062a\u0644\u0641 \u0645\u062f\u0646 \u062a\u0631\u0643\u064a\u0627 \u0648\u062e\u0627\u0635\u0629 \u0623\u0646\u0642\u0631\u0629\u060c \u0648\u0641\u064a \u0647\u0630\u0647 \u0627\u0644\u0639\u0645\u0644\u064a\u0629 \u0646\u062a\u0627\u0628\u0639 \u0627\u0644\u062a\u0637\u0648\u0631\u0627\u062a \u0641\u064a \u0623\u0633\u0631\u0639 \u0648\u0642\u062a \u0645\u0645\u0643\u0646 \u0648\u0646\u0628\u0644\u063a \u0639\u0645\u0644\u0627\u0626\u0646\u0627 \u0628\u0639\u0645\u0644\u064a\u0629 \u0627\u0644\u062a\u0642\u0627\u0636\u064a. \u0647\u062f\u0641\u0646\u0627 \u0627\u0644\u0623\u0633\u0627\u0633\u064a \u0641\u064a \u0634\u0631\u0643\u0629 \u0628\u064a\u0631\u064a\u0646 \u0623\u0648\u0632\u0643\u0648\u0631\u062a \u0644\u0644\u0645\u062d\u0627\u0645\u0627\u0629 \u0648\u0627\u0644\u0627\u0633\u062a\u0634\u0627\u0631\u0627\u062a \u0647\u0648 \u0627\u0644\u0639\u0645\u0644 \u0627\u0644\u0645\u0648\u062c\u0647 \u0646\u062d\u0648 \u062a\u062d\u0642\u064a\u0642 \u0627\u0644\u0646\u062a\u0627\u0626\u062c \u0645\u0646 \u062e\u0644\u0627\u0644 \u062a\u0642\u062f\u064a\u0645 [&hellip;]<\/p>\n","protected":false},"author":1,"featured_media":0,"parent":0,"menu_order":0,"comment_status":"closed","ping_status":"closed","template":"elementor_header_footer","meta":{"footnotes":""},"class_list":["post-1092","page","type-page","status-publish","hentry"],"_links":{"self":[{"href":"https:\/\/berinozkurthukuk.com\/ar\/wp-json\/wp\/v2\/pages\/1092","targetHints":{"allow":["GET"]}}],"collection":[{"href":"https:\/\/berinozkurthukuk.com\/ar\/wp-json\/wp\/v2\/pages"}],"about":[{"href":"https:\/\/berinozkurthukuk.com\/ar\/wp-json\/wp\/v2\/types\/page"}],"author":[{"embeddable":true,"href":"https:\/\/berinozkurthukuk.com\/ar\/wp-json\/wp\/v2\/users\/1"}],"replies":[{"embeddable":true,"href":"https:\/\/berinozkurthukuk.com\/ar\/wp-json\/wp\/v2\/comments?post=1092"}],"version-history":[{"count":5,"href":"https:\/\/berinozkurthukuk.com\/ar\/wp-json\/wp\/v2\/pages\/1092\/revisions"}],"predecessor-version":[{"id":1195,"href":"https:\/\/berinozkurthukuk.com\/ar\/wp-json\/wp\/v2\/pages\/1092\/revisions\/1195"}],"wp:attachment":[{"href":"https:\/\/berinozkurthukuk.com\/ar\/wp-json\/wp\/v2\/media?parent=1092"}],"curies":[{"name":"wp","href":"https:\/\/api.w.org\/{rel}","templated":true}]}}